{"id":952,"date":"2025-09-01T20:49:10","date_gmt":"2025-09-01T20:49:10","guid":{"rendered":"https:\/\/www.fromtribe.com\/datenschutzrichtlinie"},"modified":"2026-03-31T00:46:04","modified_gmt":"2026-03-31T00:46:04","slug":"datenschutzrichtlinie","status":"publish","type":"page","link":"https:\/\/www.fromtribe.com\/de\/datenschutzrichtlinie","title":{"rendered":"Datenschutzrichtlinie"},"content":{"rendered":"\n\n\t<section class=\"section\" id=\"section_1372471535\">\n\t\t<div class=\"section-bg fill\" >\n\t\t\t\t\t\t\t\t\t\n\t\t\t\n\n\t\t<\/div>\n\n\t\t\n\n\t\t<div class=\"section-content relative\">\n\t\t\t\n\n\t<div id=\"gap-1580895388\" class=\"gap-element clearfix\" style=\"display:block; height:auto;\">\n\t\t\n<style>\n#gap-1580895388 {\n  padding-top: 30px;\n}\n<\/style>\n\t<\/div>\n\t\n\n<div class=\"row\"  id=\"row-1839947041\">\n\n\n\t<div id=\"col-420280876\" class=\"col medium-4 small-12 large-4\"  >\n\t\t\t\t<div class=\"col-inner\"  >\n\t\t\t\n\t\t\t\n\n\t<div id=\"text-948016880\" class=\"text\">\n\t\t\n\n<h2>Datenschutzrichtlinie<\/h2>\n\t\t\n<style>\n#text-948016880 {\n  font-size: 1.1rem;\n}\n<\/style>\n\t<\/div>\n\t\n\n\t\t<\/div>\n\t\t\t\t\t<\/div>\n\n\t\n\n\t<div id=\"col-2053651796\" class=\"col medium-8 small-12 large-8\"  >\n\t\t\t\t<div class=\"col-inner\"  >\n\t\t\t\n\t\t\t\n\n<p><strong>G\u00fcltigkeitsdatum: [Datum]<\/strong><\/p>\n<p><strong>1. Einf\u00fchrung<\/strong><\/p>\n<p>Willkommen bei [Name Ihres Shops]. Wir respektieren Ihre Privatsph\u00e4re und verpflichten uns, Ihre pers\u00f6nlichen Daten zu sch\u00fctzen. Diese Datenschutzrichtlinie informiert Sie dar\u00fcber, wie wir Ihre pers\u00f6nlichen Daten behandeln, wenn Sie unsere Website besuchen (unabh\u00e4ngig davon, von wo aus Sie sie besuchen), und informiert Sie \u00fcber Ihre Datenschutzrechte und wie das Gesetz Sie sch\u00fctzt.  <\/p>\n<p><strong>2. Informationen, die wir sammeln<\/strong><\/p>\n<p>Wenn Sie etwas in unserem Online-Shop kaufen, erfassen wir im Rahmen des Kauf- und Verkaufsprozesses die pers\u00f6nlichen Daten, die Sie uns geben, wie z. B. Ihren Namen, Ihre Adresse und Ihre E-Mail-Adresse. Wenn Sie in unserem Shop st\u00f6bern, erhalten wir auch automatisch die Internetprotokolladresse (IP-Adresse) Ihres Computers, um Informationen zu erhalten, die uns helfen, mehr \u00fcber Ihren Browser und Ihr Betriebssystem zu erfahren. <\/p>\n<p><strong>3. Wie wir Ihre Informationen verwenden<\/strong><\/p>\n<p>Wir verwenden die von uns gesammelten Informationen in erster Linie, um alle \u00fcber die Website aufgegebenen Bestellungen auszuf\u00fchren (einschlie\u00dflich der Verarbeitung Ihrer Zahlungsinformationen, der Organisation des Versands und der Bereitstellung von Rechnungen und\/oder Bestellbest\u00e4tigungen). Dar\u00fcber hinaus verwenden wir diese Informationen, um: <\/p>\n<ul>\n<li>Mit Ihnen zu kommunizieren;<\/li>\n<li>Unsere Bestellungen auf potenzielle Risiken oder Betrug zu \u00fcberpr\u00fcfen; und<\/li>\n<li>Ihnen, in \u00dcbereinstimmung mit den Pr\u00e4ferenzen, die Sie uns mitgeteilt haben, Informationen oder Werbung in Bezug auf unsere Produkte oder Dienstleistungen zukommen zu lassen.<\/li>\n<\/ul>\n<p><strong>4. Offenlegung<\/strong><\/p>\n<p>Wir k\u00f6nnen Ihre pers\u00f6nlichen Daten offenlegen, wenn wir gesetzlich dazu verpflichtet sind oder wenn Sie unsere Nutzungsbedingungen verletzen.<\/p>\n<p><strong>5. Datensicherheit<\/strong><\/p>\n<p>Wir setzen uns daf\u00fcr ein, dass Ihre Daten sicher sind. Um unbefugten Zugriff oder unbefugte Offenlegung zu verhindern, haben wir geeignete physische, elektronische und verwaltungstechnische Verfahren eingerichtet, um die Informationen, die wir online erfassen, zu sch\u00fctzen und zu sichern. <\/p>\n<p><strong>6. Dienste von Drittanbietern<\/strong><\/p>\n<p>Im Allgemeinen erfassen, verwenden und legen die von uns eingesetzten Drittanbieter Ihre Daten nur in dem Umfang offen, der erforderlich ist, damit sie die Dienstleistungen erbringen k\u00f6nnen, die sie uns anbieten. Bestimmte Drittanbieter von Dienstleistungen, wie z. B. Zahlungs-Gateways und andere Zahlungsabwickler, haben jedoch ihre eigenen Datenschutzrichtlinien in Bezug auf die Informationen, die wir ihnen f\u00fcr Ihre kaufbezogenen Transaktionen zur Verf\u00fcgung stellen m\u00fcssen. <\/p>\n<p><strong>7. Cookies<\/strong><\/p>\n<p>Wir verwenden Cookies, um die Sitzung Ihres Warenkorbs aufrechtzuerhalten. Wenn Sie unsere Website besuchen, werden wir Sie bitten, der Verwendung von Cookies gem\u00e4\u00df den Bedingungen dieser Richtlinie zuzustimmen. <\/p>\n<p><strong>8. Einwilligungsalter<\/strong><\/p>\n<p>Durch die Nutzung dieser Website erkl\u00e4ren Sie, dass Sie mindestens das Vollj\u00e4hrigkeitsalter in Ihrem Bundesland oder Ihrer Provinz erreicht haben oder dass Sie das Vollj\u00e4hrigkeitsalter in Ihrem Bundesland oder Ihrer Provinz erreicht haben und uns Ihre Zustimmung gegeben haben, dass Ihre minderj\u00e4hrigen Angeh\u00f6rigen diese Website nutzen d\u00fcrfen.<\/p>\n<p><strong>9. \u00c4nderungen an dieser Datenschutzrichtlinie<\/strong><\/p>\n<p>Wir behalten uns das Recht vor, diese Datenschutzrichtlinie jederzeit zu \u00e4ndern, daher \u00fcberpr\u00fcfen Sie sie bitte regelm\u00e4\u00dfig. \u00c4nderungen und Klarstellungen werden sofort nach ihrer Ver\u00f6ffentlichung auf der Website wirksam. Wenn wir wesentliche \u00c4nderungen an dieser Richtlinie vornehmen, werden wir Sie hier benachrichtigen, dass sie aktualisiert wurde, so dass Sie wissen, welche Informationen wir sammeln, wie wir sie verwenden und unter welchen Umst\u00e4nden wir sie gegebenenfalls verwenden und\/oder offenlegen.  <\/p>\n<p><strong>10. Kontaktinformationen<\/strong><\/p>\n<p>Wenn Sie: auf pers\u00f6nliche Daten, die wir \u00fcber Sie haben, zugreifen, diese korrigieren, \u00e4ndern oder l\u00f6schen m\u00f6chten, eine Beschwerde einreichen oder einfach nur weitere Informationen w\u00fcnschen, wenden Sie sich an unseren Datenschutzbeauftragten unter [<a target=\"_new\" rel=\"noopener\">your-email@yourdomain.com<\/a>] oder per Post an [Name Ihres Shops] [Betreff: Datenschutzbeauftragter] [Ihre Adresse].<\/p>\n\n\t\t<\/div>\n\t\t\t\t\t<\/div>\n\n\t\n\n<\/div>\n\n\t\t<\/div>\n\n\t\t\n<style>\n#section_1372471535 {\n  padding-top: 30px;\n  padding-bottom: 30px;\n}\n<\/style>\n\t<\/section>\n\t\n\n","protected":false},"excerpt":{"rendered":"","protected":false},"author":1,"featured_media":0,"parent":0,"menu_order":0,"comment_status":"closed","ping_status":"closed","template":"","meta":{"footnotes":""},"class_list":["post-952","page","type-page","status-publish","hentry"],"_links":{"self":[{"href":"https:\/\/www.fromtribe.com\/de\/wp-json\/wp\/v2\/pages\/952","targetHints":{"allow":["GET"]}}],"collection":[{"href":"https:\/\/www.fromtribe.com\/de\/wp-json\/wp\/v2\/pages"}],"about":[{"href":"https:\/\/www.fromtribe.com\/de\/wp-json\/wp\/v2\/types\/page"}],"author":[{"embeddable":true,"href":"https:\/\/www.fromtribe.com\/de\/wp-json\/wp\/v2\/users\/1"}],"replies":[{"embeddable":true,"href":"https:\/\/www.fromtribe.com\/de\/wp-json\/wp\/v2\/comments?post=952"}],"version-history":[{"count":1,"href":"https:\/\/www.fromtribe.com\/de\/wp-json\/wp\/v2\/pages\/952\/revisions"}],"predecessor-version":[{"id":3230,"href":"https:\/\/www.fromtribe.com\/de\/wp-json\/wp\/v2\/pages\/952\/revisions\/3230"}],"wp:attachment":[{"href":"https:\/\/www.fromtribe.com\/de\/wp-json\/wp\/v2\/media?parent=952"}],"curies":[{"name":"wp","href":"https:\/\/api.w.org\/{rel}","templated":true}]}}