{"id":968,"date":"2025-09-01T20:49:10","date_gmt":"2025-09-01T20:49:10","guid":{"rendered":"https:\/\/www.fromtribe.com\/politique-de-confidentialite"},"modified":"2026-03-31T00:46:02","modified_gmt":"2026-03-31T00:46:02","slug":"politique-de-confidentialite","status":"publish","type":"page","link":"https:\/\/www.fromtribe.com\/fr\/politique-de-confidentialite","title":{"rendered":"Politique de confidentialit\u00e9"},"content":{"rendered":"\n\n\t<section class=\"section\" id=\"section_1233843579\">\n\t\t<div class=\"section-bg fill\" >\n\t\t\t\t\t\t\t\t\t\n\t\t\t\n\n\t\t<\/div>\n\n\t\t\n\n\t\t<div class=\"section-content relative\">\n\t\t\t\n\n\t<div id=\"gap-802000941\" class=\"gap-element clearfix\" style=\"display:block; height:auto;\">\n\t\t\n<style>\n#gap-802000941 {\n  padding-top: 30px;\n}\n<\/style>\n\t<\/div>\n\t\n\n<div class=\"row\"  id=\"row-460961289\">\n\n\n\t<div id=\"col-1419326627\" class=\"col medium-4 small-12 large-4\"  >\n\t\t\t\t<div class=\"col-inner\"  >\n\t\t\t\n\t\t\t\n\n\t<div id=\"text-3889702304\" class=\"text\">\n\t\t\n\n<h2>Politique de confidentialit\u00e9<\/h2>\n\t\t\n<style>\n#text-3889702304 {\n  font-size: 1.1rem;\n}\n<\/style>\n\t<\/div>\n\t\n\n\t\t<\/div>\n\t\t\t\t\t<\/div>\n\n\t\n\n\t<div id=\"col-1143654994\" class=\"col medium-8 small-12 large-8\"  >\n\t\t\t\t<div class=\"col-inner\"  >\n\t\t\t\n\t\t\t\n\n<p><strong>Date d&rsquo;entr\u00e9e en vigueur : [Date]<\/strong><\/p>\n<p><strong>1. Introduction<\/strong><\/p>\n<p>Bienvenue sur [Nom de ta boutique]. Nous respectons ta vie priv\u00e9e et nous nous engageons \u00e0 prot\u00e9ger tes donn\u00e9es personnelles. Cette politique de confidentialit\u00e9 t&rsquo;informera sur la fa\u00e7on dont nous g\u00e9rons tes donn\u00e9es personnelles lorsque tu visites notre site web (quel que soit l&rsquo;endroit d&rsquo;o\u00f9 tu le visites) et te renseignera sur tes droits en mati\u00e8re de confidentialit\u00e9 et sur la mani\u00e8re dont la loi te prot\u00e8ge.<\/p>\n<p><strong>2. Informations que nous collectons<\/strong><\/p>\n<p>Lorsque tu ach\u00e8tes quelque chose sur notre boutique en ligne, dans le cadre du processus d&rsquo;achat et de vente, nous collectons les informations personnelles que tu nous fournis, comme ton nom, ton adresse et ton adresse e-mail. Lorsque tu navigues sur notre boutique, nous recevons \u00e9galement automatiquement l&rsquo;adresse IP de ton ordinateur afin d&rsquo;obtenir des informations qui nous aident \u00e0 en savoir plus sur ton navigateur et ton syst\u00e8me d&rsquo;exploitation.<\/p>\n<p><strong>3. Comment nous utilisons tes informations<\/strong><\/p>\n<p>Nous utilisons les informations que nous collectons principalement pour traiter les commandes pass\u00e9es sur le site (y compris le traitement de tes informations de paiement, l&rsquo;organisation de l&rsquo;exp\u00e9dition et la fourniture de factures et\/ou de confirmations de commande). De plus, nous utilisons ces informations pour :<\/p>\n<ul>\n<li>Communiquer avec toi ;<\/li>\n<li>V\u00e9rifier nos commandes pour d\u00e9tecter les risques potentiels ou les fraudes ; et<\/li>\n<li>Lorsque cela correspond aux pr\u00e9f\u00e9rences que tu nous as communiqu\u00e9es, te fournir des informations ou de la publicit\u00e9 concernant nos produits ou services.<\/li>\n<\/ul>\n<p><strong>4. Divulgation<\/strong><\/p>\n<p>Nous pouvons divulguer tes informations personnelles si la loi nous y oblige ou si tu violes nos Conditions d&rsquo;utilisation.<\/p>\n<p><strong>5. S\u00e9curit\u00e9 des donn\u00e9es<\/strong><\/p>\n<p>Nous nous engageons \u00e0 garantir la s\u00e9curit\u00e9 de tes informations. Afin d&#8217;emp\u00eacher tout acc\u00e8s ou divulgation non autoris\u00e9s, nous avons mis en place des proc\u00e9dures physiques, \u00e9lectroniques et administratives appropri\u00e9es pour prot\u00e9ger et s\u00e9curiser les informations que nous collectons en ligne.<\/p>\n<p><strong>6. Services tiers<\/strong><\/p>\n<p>En g\u00e9n\u00e9ral, les fournisseurs tiers que nous utilisons ne collecteront, n&rsquo;utiliseront et ne divulgueront tes informations que dans la mesure n\u00e9cessaire pour leur permettre d&rsquo;ex\u00e9cuter les services qu&rsquo;ils nous fournissent. Cependant, certains fournisseurs de services tiers, tels que les passerelles de paiement et autres processeurs de transactions de paiement, ont leurs propres politiques de confidentialit\u00e9 concernant les informations que nous devons leur fournir pour tes transactions d&rsquo;achat.<\/p>\n<p><strong>7. Cookies<\/strong><\/p>\n<p>Nous utilisons des cookies pour maintenir la session de ton panier d&rsquo;achat. Lorsque tu visites notre site, nous te demanderons de consentir \u00e0 notre utilisation des cookies conform\u00e9ment aux conditions de cette politique.<\/p>\n<p><strong>8. \u00c2ge du consentement<\/strong><\/p>\n<p>En utilisant ce site, tu d\u00e9clares avoir au moins l&rsquo;\u00e2ge de la majorit\u00e9 dans ton \u00e9tat ou ta province de r\u00e9sidence, ou que tu as l&rsquo;\u00e2ge de la majorit\u00e9 dans ton \u00e9tat ou ta province de r\u00e9sidence et que tu nous as donn\u00e9 ton consentement pour permettre \u00e0 l&rsquo;un de tes enfants mineurs d&rsquo;utiliser ce site.<\/p>\n<p><strong>9. Modifications de cette politique de confidentialit\u00e9<\/strong><\/p>\n<p>Nous nous r\u00e9servons le droit de modifier cette politique de confidentialit\u00e9 \u00e0 tout moment, merci de la consulter fr\u00e9quemment. Les modifications et clarifications prendront effet imm\u00e9diatement apr\u00e8s leur publication sur le site web. Si nous apportons des modifications importantes \u00e0 cette politique, nous t&rsquo;en informerons ici pour que tu sois au courant des informations que nous collectons, de la fa\u00e7on dont nous les utilisons et, le cas \u00e9ch\u00e9ant, des circonstances dans lesquelles nous les utilisons et\/ou les divulguons.<\/p>\n<p><strong>10. Coordonn\u00e9es<\/strong><\/p>\n<p>Si tu souhaites : acc\u00e9der, corriger, modifier ou supprimer toute information personnelle que nous avons \u00e0 ton sujet, d\u00e9poser une plainte ou simplement obtenir plus d&rsquo;informations, contacte notre responsable de la conformit\u00e9 en mati\u00e8re de confidentialit\u00e9 \u00e0 l&rsquo;adresse [<a target=\"_new\" rel=\"noopener\">ton-email@tondomaine.com<\/a>] ou par courrier \u00e0 [Nom de ta boutique] [\u00c0 l&rsquo;attention de : Responsable de la conformit\u00e9 en mati\u00e8re de confidentialit\u00e9] [Ton adresse].<\/p>\n\n\t\t<\/div>\n\t\t\t\t\t<\/div>\n\n\t\n\n<\/div>\n\n\t\t<\/div>\n\n\t\t\n<style>\n#section_1233843579 {\n  padding-top: 30px;\n  padding-bottom: 30px;\n}\n<\/style>\n\t<\/section>\n\t\n\n","protected":false},"excerpt":{"rendered":"","protected":false},"author":1,"featured_media":0,"parent":0,"menu_order":0,"comment_status":"closed","ping_status":"closed","template":"","meta":{"footnotes":""},"class_list":["post-968","page","type-page","status-publish","hentry"],"_links":{"self":[{"href":"https:\/\/www.fromtribe.com\/fr\/wp-json\/wp\/v2\/pages\/968","targetHints":{"allow":["GET"]}}],"collection":[{"href":"https:\/\/www.fromtribe.com\/fr\/wp-json\/wp\/v2\/pages"}],"about":[{"href":"https:\/\/www.fromtribe.com\/fr\/wp-json\/wp\/v2\/types\/page"}],"author":[{"embeddable":true,"href":"https:\/\/www.fromtribe.com\/fr\/wp-json\/wp\/v2\/users\/1"}],"replies":[{"embeddable":true,"href":"https:\/\/www.fromtribe.com\/fr\/wp-json\/wp\/v2\/comments?post=968"}],"version-history":[{"count":1,"href":"https:\/\/www.fromtribe.com\/fr\/wp-json\/wp\/v2\/pages\/968\/revisions"}],"predecessor-version":[{"id":3219,"href":"https:\/\/www.fromtribe.com\/fr\/wp-json\/wp\/v2\/pages\/968\/revisions\/3219"}],"wp:attachment":[{"href":"https:\/\/www.fromtribe.com\/fr\/wp-json\/wp\/v2\/media?parent=968"}],"curies":[{"name":"wp","href":"https:\/\/api.w.org\/{rel}","templated":true}]}}