{"id":942,"date":"2025-09-01T20:49:10","date_gmt":"2025-09-01T20:49:10","guid":{"rendered":"https:\/\/www.fromtribe.com\/polityka-prywatnosci"},"modified":"2026-03-31T00:46:09","modified_gmt":"2026-03-31T00:46:09","slug":"polityka-prywatnosci","status":"publish","type":"page","link":"https:\/\/www.fromtribe.com\/pl\/polityka-prywatnosci","title":{"rendered":"Polityka prywatno\u015bci"},"content":{"rendered":"\n\n\t<section class=\"section\" id=\"section_2049192519\">\n\t\t<div class=\"section-bg fill\" >\n\t\t\t\t\t\t\t\t\t\n\t\t\t\n\n\t\t<\/div>\n\n\t\t\n\n\t\t<div class=\"section-content relative\">\n\t\t\t\n\n\t<div id=\"gap-359382485\" class=\"gap-element clearfix\" style=\"display:block; height:auto;\">\n\t\t\n<style>\n#gap-359382485 {\n  padding-top: 30px;\n}\n<\/style>\n\t<\/div>\n\t\n\n<div class=\"row\"  id=\"row-1443939124\">\n\n\n\t<div id=\"col-1794708134\" class=\"col medium-4 small-12 large-4\"  >\n\t\t\t\t<div class=\"col-inner\"  >\n\t\t\t\n\t\t\t\n\n\t<div id=\"text-716455212\" class=\"text\">\n\t\t\n\n<h2>Polityka prywatno\u015bci<\/h2>\n\t\t\n<style>\n#text-716455212 {\n  font-size: 1.1rem;\n}\n<\/style>\n\t<\/div>\n\t\n\n\t\t<\/div>\n\t\t\t\t\t<\/div>\n\n\t\n\n\t<div id=\"col-43698050\" class=\"col medium-8 small-12 large-8\"  >\n\t\t\t\t<div class=\"col-inner\"  >\n\t\t\t\n\t\t\t\n\n<p><strong>Data wej\u015bcia w \u017cycie: [Data]<\/strong><\/p>\n<p><strong>1. Wprowadzenie<\/strong><\/p>\n<p>Witaj w [Nazwa Twojego Sklepu]. Szanujemy Twoj\u0105 prywatno\u015b\u0107 i zobowi\u0105zujemy si\u0119 do ochrony Twoich danych osobowych. Ta polityka prywatno\u015bci poinformuje Ci\u0119 o tym, jak dbamy o Twoje dane osobowe, gdy odwiedzasz nasz\u0105 stron\u0119 internetow\u0105 (niezale\u017cnie od tego, sk\u0105d j\u0105 odwiedzasz) i opowie Ci o Twoich prawach do prywatno\u015bci oraz o tym, jak chroni Ci\u0119 prawo.  <\/p>\n<p><strong>2. Informacje, kt\u00f3re zbieramy<\/strong><\/p>\n<p>Kiedy kupujesz co\u015b w naszym sklepie internetowym, w ramach procesu kupna i sprzeda\u017cy zbieramy dane osobowe, kt\u00f3re nam podajesz, takie jak Twoje imi\u0119, adres i adres e-mail. Kiedy przegl\u0105dasz nasz sklep, automatycznie otrzymujemy r\u00f3wnie\u017c adres protoko\u0142u internetowego (IP) Twojego komputera, \u017ceby dostarczy\u0107 nam informacje, kt\u00f3re pomagaj\u0105 nam pozna\u0107 Twoj\u0105 przegl\u0105dark\u0119 i system operacyjny. <\/p>\n<p><strong>3. Jak wykorzystujemy Twoje informacje<\/strong><\/p>\n<p>Wykorzystujemy informacje, kt\u00f3re zbieramy, g\u0142\u00f3wnie do realizacji zam\u00f3wie\u0144 z\u0142o\u017conych przez stron\u0119 (w tym przetwarzania informacji o p\u0142atno\u015bci, organizowania wysy\u0142ki i dostarczania faktur i\/lub potwierdze\u0144 zam\u00f3wie\u0144). Dodatkowo wykorzystujemy te informacje do: <\/p>\n<ul>\n<li>Komunikacji z Tob\u0105;<\/li>\n<li>Sprawdzania naszych zam\u00f3wie\u0144 pod k\u0105tem potencjalnego ryzyka lub oszustwa; oraz<\/li>\n<li>Kiedy jest to zgodne z preferencjami, kt\u00f3re z nami podzieli\u0142e\u015b, dostarczania Ci informacji lub reklam dotycz\u0105cych naszych produkt\u00f3w lub us\u0142ug.<\/li>\n<\/ul>\n<p><strong>4. Ujawnianie<\/strong><\/p>\n<p>Mo\u017cemy ujawni\u0107 Twoje dane osobowe, je\u015bli wymaga tego prawo lub je\u015bli naruszysz nasze Warunki \u015bwiadczenia us\u0142ug.<\/p>\n<p><strong>5. Bezpiecze\u0144stwo danych<\/strong><\/p>\n<p>Zobowi\u0105zujemy si\u0119 do zapewnienia bezpiecze\u0144stwa Twoich informacji. \u017beby zapobiec nieautoryzowanemu dost\u0119powi lub ujawnieniu, wdro\u017cyli\u015bmy odpowiednie procedury fizyczne, elektroniczne i zarz\u0105dcze, \u017ceby chroni\u0107 i zabezpieczy\u0107 informacje, kt\u00f3re zbieramy online. <\/p>\n<p><strong>6. Us\u0142ugi stron trzecich<\/strong><\/p>\n<p>Generalnie dostawcy zewn\u0119trzni, kt\u00f3rych u\u017cywamy, b\u0119d\u0105 zbiera\u0107, wykorzystywa\u0107 i ujawnia\u0107 Twoje informacje tylko w zakresie niezb\u0119dnym do wykonywania us\u0142ug, kt\u00f3re nam \u015bwiadcz\u0105. Jednak niekt\u00f3rzy dostawcy us\u0142ug zewn\u0119trznych, tacy jak bramki p\u0142atno\u015bci i inne procesory transakcji p\u0142atniczych, maj\u0105 w\u0142asne polityki prywatno\u015bci w odniesieniu do informacji, kt\u00f3re musimy im dostarczy\u0107 w zwi\u0105zku z Twoimi transakcjami zakupowymi. <\/p>\n<p><strong>7. Pliki cookie<\/strong><\/p>\n<p>U\u017cywamy plik\u00f3w cookie, \u017ceby utrzyma\u0107 sesj\u0119 Twojego koszyka zakupowego. Kiedy odwiedzasz nasz\u0105 stron\u0119, poprosimy Ci\u0119 o zgod\u0119 na u\u017cywanie przez nas plik\u00f3w cookie zgodnie z warunkami tej polityki. <\/p>\n<p><strong>8. Wiek zgody<\/strong><\/p>\n<p>U\u017cywaj\u0105c tej strony, o\u015bwiadczasz, \u017ce masz co najmniej wiek pe\u0142noletno\u015bci w swoim stanie lub prowincji zamieszkania, lub \u017ce masz wiek pe\u0142noletno\u015bci w swoim stanie lub prowincji zamieszkania i wyrazi\u0142e\u015b nam zgod\u0119 na umo\u017cliwienie korzystania z tej strony przez Twoich nieletnich podopiecznych.<\/p>\n<p><strong>9. Zmiany w tej Polityce prywatno\u015bci<\/strong><\/p>\n<p>Zastrzegamy sobie prawo do modyfikacji tej polityki prywatno\u015bci w dowolnym momencie, wi\u0119c sprawdzaj j\u0105 cz\u0119sto. Zmiany i wyja\u015bnienia wejd\u0105 w \u017cycie natychmiast po ich opublikowaniu na stronie internetowej. Je\u015bli wprowadzimy istotne zmiany w tej polityce, powiadomimy Ci\u0119 tutaj, \u017ce zosta\u0142a zaktualizowana, \u017ceby\u015b wiedzia\u0142, jakie informacje zbieramy, jak ich u\u017cywamy i w jakich okoliczno\u015bciach, je\u015bli w og\u00f3le, u\u017cywamy i\/lub ujawniamy je.  <\/p>\n<p><strong>10. Informacje kontaktowe<\/strong><\/p>\n<p>Je\u015bli chcesz: uzyska\u0107 dost\u0119p, poprawi\u0107, zmieni\u0107 lub usun\u0105\u0107 jakiekolwiek dane osobowe, kt\u00f3re o Tobie mamy, z\u0142o\u017cy\u0107 skarg\u0119 lub po prostu chcesz wi\u0119cej informacji, skontaktuj si\u0119 z naszym Inspektorem ochrony prywatno\u015bci pod adresem [<a target=\"_new\" rel=\"noopener\">twoj-email@twojadomena.com<\/a>] lub poczt\u0105 na adres [Nazwa Twojego Sklepu] [Dotyczy: Inspektor ochrony prywatno\u015bci] [Tw\u00f3j adres].<\/p>\n\n\t\t<\/div>\n\t\t\t\t\t<\/div>\n\n\t\n\n<\/div>\n\n\t\t<\/div>\n\n\t\t\n<style>\n#section_2049192519 {\n  padding-top: 30px;\n  padding-bottom: 30px;\n}\n<\/style>\n\t<\/section>\n\t\n\n","protected":false},"excerpt":{"rendered":"","protected":false},"author":1,"featured_media":0,"parent":0,"menu_order":0,"comment_status":"closed","ping_status":"closed","template":"","meta":{"footnotes":""},"class_list":["post-942","page","type-page","status-publish","hentry"],"_links":{"self":[{"href":"https:\/\/www.fromtribe.com\/pl\/wp-json\/wp\/v2\/pages\/942","targetHints":{"allow":["GET"]}}],"collection":[{"href":"https:\/\/www.fromtribe.com\/pl\/wp-json\/wp\/v2\/pages"}],"about":[{"href":"https:\/\/www.fromtribe.com\/pl\/wp-json\/wp\/v2\/types\/page"}],"author":[{"embeddable":true,"href":"https:\/\/www.fromtribe.com\/pl\/wp-json\/wp\/v2\/users\/1"}],"replies":[{"embeddable":true,"href":"https:\/\/www.fromtribe.com\/pl\/wp-json\/wp\/v2\/comments?post=942"}],"version-history":[{"count":1,"href":"https:\/\/www.fromtribe.com\/pl\/wp-json\/wp\/v2\/pages\/942\/revisions"}],"predecessor-version":[{"id":3252,"href":"https:\/\/www.fromtribe.com\/pl\/wp-json\/wp\/v2\/pages\/942\/revisions\/3252"}],"wp:attachment":[{"href":"https:\/\/www.fromtribe.com\/pl\/wp-json\/wp\/v2\/media?parent=942"}],"curies":[{"name":"wp","href":"https:\/\/api.w.org\/{rel}","templated":true}]}}